{"id":38,"date":"2015-10-31T14:43:52","date_gmt":"2015-10-31T13:43:52","guid":{"rendered":"http:\/\/bdkett.cz\/?page_id=38"},"modified":"2025-05-29T13:10:25","modified_gmt":"2025-05-29T12:10:25","slug":"dokumenty-verejne-2","status":"publish","type":"page","link":"https:\/\/bdkett.cz\/?page_id=38","title":{"rendered":"Dokumenty ve\u0159ejn\u00e9"},"content":{"rendered":"\n<p>Zde jsou uve\u0159ej\u0148ov\u00e1ny dokumenty ve\u0159ejn\u00e9 povahy, dostupn\u00e9 v\u0161em.<\/p>\n\n\n\n<h4 class=\"wp-block-heading\"><a href=\"https:\/\/bdkett.cz\/wp-content\/uploads\/2018\/05\/2018-05-24-GDPR-pro-BD-web-1.docx\">V\u00fd\u0148atek ze z\u00e1pisu \u010dlensk\u00e9 sch\u016fze BD konan\u00e9 2.5.2018 o ochran\u011b osobn\u00edch \u00fadaj\u016f.<\/a><\/h4>\n\n\n\n<p><\/p>\n\n\n\n<p><a href=\"https:\/\/bdkett.cz\/wp-content\/uploads\/2018\/04\/Formul\u00e1\u0159-pro-plnou-moc-na-\u010dl.sch\u016fzi-bez-ov\u011b\u0159en\u00ed.docx\"><strong>Formul\u00e1\u0159 pro plnou moc na \u010dl.sch\u016fzi<\/strong><\/a>&nbsp;pro zastupov\u00e1n\u00ed \u010dlena na \u010dlensk\u00e9 sch\u016fzi ve form\u00e1tu docx (MS Word 2007 a vy\u0161\u0161\u00ed), sta\u010d\u00ed st\u00e1hnout a doplnit jm\u00e9na, aktu\u00e1ln\u00ed datum a m\u00edsto kon\u00e1n\u00ed sch\u016fze. Podpisy nemus\u00ed b\u00fdt ov\u011b\u0159eny.<\/p>\n\n\n\n<p>&nbsp;<\/p>\n\n\n\n<p>&nbsp;<\/p>\n\n\n\n<p><\/p>\n","protected":false},"excerpt":{"rendered":"<p>Zde jsou uve\u0159ej\u0148ov\u00e1ny dokumenty ve\u0159ejn\u00e9 povahy, dostupn\u00e9 v\u0161em. V\u00fd\u0148atek ze z\u00e1pisu \u010dlensk\u00e9 sch\u016fze BD konan\u00e9 2.5.2018 o ochran\u011b osobn\u00edch \u00fadaj\u016f. Formul\u00e1\u0159 pro plnou moc na \u010dl.sch\u016fzi&nbsp;pro zastupov\u00e1n\u00ed \u010dlena na \u010dlensk\u00e9 sch\u016fzi ve form\u00e1tu docx (MS Word 2007 a vy\u0161\u0161\u00ed), sta\u010d\u00ed st\u00e1hnout a doplnit jm\u00e9na, aktu\u00e1ln\u00ed datum a m\u00edsto kon\u00e1n\u00ed sch\u016fze. Podpisy nemus\u00ed b\u00fdt ov\u011b\u0159eny. &nbsp; &hellip; <a href=\"https:\/\/bdkett.cz\/?page_id=38\" class=\"more-link\">Pokra\u010dov\u00e1n\u00ed textu <span class=\"screen-reader-text\">Dokumenty ve\u0159ejn\u00e9<\/span> <span class=\"meta-nav\">&rarr;<\/span><\/a><\/p>\n","protected":false},"author":1,"featured_media":0,"parent":0,"menu_order":2,"comment_status":"closed","ping_status":"closed","template":"","meta":{"footnotes":""},"class_list":["post-38","page","type-page","status-publish","hentry"],"_links":{"self":[{"href":"https:\/\/bdkett.cz\/index.php?rest_route=\/wp\/v2\/pages\/38","targetHints":{"allow":["GET"]}}],"collection":[{"href":"https:\/\/bdkett.cz\/index.php?rest_route=\/wp\/v2\/pages"}],"about":[{"href":"https:\/\/bdkett.cz\/index.php?rest_route=\/wp\/v2\/types\/page"}],"author":[{"embeddable":true,"href":"https:\/\/bdkett.cz\/index.php?rest_route=\/wp\/v2\/users\/1"}],"replies":[{"embeddable":true,"href":"https:\/\/bdkett.cz\/index.php?rest_route=%2Fwp%2Fv2%2Fcomments&post=38"}],"version-history":[{"count":20,"href":"https:\/\/bdkett.cz\/index.php?rest_route=\/wp\/v2\/pages\/38\/revisions"}],"predecessor-version":[{"id":188,"href":"https:\/\/bdkett.cz\/index.php?rest_route=\/wp\/v2\/pages\/38\/revisions\/188"}],"wp:attachment":[{"href":"https:\/\/bdkett.cz\/index.php?rest_route=%2Fwp%2Fv2%2Fmedia&parent=38"}],"curies":[{"name":"wp","href":"https:\/\/api.w.org\/{rel}","templated":true}]}}