{"id":79,"date":"2016-05-27T15:06:13","date_gmt":"2016-05-27T14:06:13","guid":{"rendered":"http:\/\/bdkett.cz\/?page_id=79"},"modified":"2018-04-17T21:33:47","modified_gmt":"2018-04-17T20:33:47","slug":"stanovy","status":"publish","type":"page","link":"https:\/\/bdkett.cz\/?page_id=79","title":{"rendered":"Stanovy Bytov\u00e9ho dru\u017estva Kettnerova 2052-2053, Praha 5"},"content":{"rendered":"<ul>\n<li><a href=\"https:\/\/bdkett.cz\/wp-content\/uploads\/2015\/05\/2015-11-26-Nov\u00e9-stanovy-BD-Kett-verze-pro-\u010cS.pdf\">2015-11-26 Nov\u00e9 stanovy BD Kettnerova 2052-3 dle NOZ<\/a><\/li>\n<li><a href=\"https:\/\/bdkett.cz\/wp-content\/uploads\/2016\/05\/STANOVY-star\u00e9v\u010d.2.zm\u011bn.pdf\">STANOVY star\u00e9,v\u010d.2.zm\u011bn<\/a><\/li>\n<\/ul>\n","protected":false},"excerpt":{"rendered":"<p>2015-11-26 Nov\u00e9 stanovy BD Kettnerova 2052-3 dle NOZ STANOVY star\u00e9,v\u010d.2.zm\u011bn<\/p>\n","protected":false},"author":1,"featured_media":0,"parent":38,"menu_order":1,"comment_status":"closed","ping_status":"closed","template":"","meta":{"footnotes":""},"class_list":["post-79","page","type-page","status-publish","hentry"],"_links":{"self":[{"href":"https:\/\/bdkett.cz\/index.php?rest_route=\/wp\/v2\/pages\/79","targetHints":{"allow":["GET"]}}],"collection":[{"href":"https:\/\/bdkett.cz\/index.php?rest_route=\/wp\/v2\/pages"}],"about":[{"href":"https:\/\/bdkett.cz\/index.php?rest_route=\/wp\/v2\/types\/page"}],"author":[{"embeddable":true,"href":"https:\/\/bdkett.cz\/index.php?rest_route=\/wp\/v2\/users\/1"}],"replies":[{"embeddable":true,"href":"https:\/\/bdkett.cz\/index.php?rest_route=%2Fwp%2Fv2%2Fcomments&post=79"}],"version-history":[{"count":4,"href":"https:\/\/bdkett.cz\/index.php?rest_route=\/wp\/v2\/pages\/79\/revisions"}],"predecessor-version":[{"id":96,"href":"https:\/\/bdkett.cz\/index.php?rest_route=\/wp\/v2\/pages\/79\/revisions\/96"}],"up":[{"embeddable":true,"href":"https:\/\/bdkett.cz\/index.php?rest_route=\/wp\/v2\/pages\/38"}],"wp:attachment":[{"href":"https:\/\/bdkett.cz\/index.php?rest_route=%2Fwp%2Fv2%2Fmedia&parent=79"}],"curies":[{"name":"wp","href":"https:\/\/api.w.org\/{rel}","templated":true}]}}