{"id":8,"date":"2014-05-23T17:05:57","date_gmt":"2014-05-23T16:05:57","guid":{"rendered":"http:\/\/bdkett.cz\/?page_id=8"},"modified":"2015-10-31T14:45:21","modified_gmt":"2015-10-31T13:45:21","slug":"fotogalerie","status":"publish","type":"page","link":"https:\/\/bdkett.cz\/?page_id=8","title":{"rendered":"Fotogalerie"},"content":{"rendered":"<p>&#8230; p\u00e1r obr\u00e1zk\u016f z na\u0161\u00ed \u010dinnosti<\/p>\n","protected":false},"excerpt":{"rendered":"<p>&#8230; p\u00e1r obr\u00e1zk\u016f z na\u0161\u00ed \u010dinnosti<\/p>\n","protected":false},"author":1,"featured_media":0,"parent":0,"menu_order":4,"comment_status":"closed","ping_status":"closed","template":"","meta":{"footnotes":""},"class_list":["post-8","page","type-page","status-publish","hentry"],"_links":{"self":[{"href":"https:\/\/bdkett.cz\/index.php?rest_route=\/wp\/v2\/pages\/8","targetHints":{"allow":["GET"]}}],"collection":[{"href":"https:\/\/bdkett.cz\/index.php?rest_route=\/wp\/v2\/pages"}],"about":[{"href":"https:\/\/bdkett.cz\/index.php?rest_route=\/wp\/v2\/types\/page"}],"author":[{"embeddable":true,"href":"https:\/\/bdkett.cz\/index.php?rest_route=\/wp\/v2\/users\/1"}],"replies":[{"embeddable":true,"href":"https:\/\/bdkett.cz\/index.php?rest_route=%2Fwp%2Fv2%2Fcomments&post=8"}],"version-history":[{"count":1,"href":"https:\/\/bdkett.cz\/index.php?rest_route=\/wp\/v2\/pages\/8\/revisions"}],"predecessor-version":[{"id":9,"href":"https:\/\/bdkett.cz\/index.php?rest_route=\/wp\/v2\/pages\/8\/revisions\/9"}],"wp:attachment":[{"href":"https:\/\/bdkett.cz\/index.php?rest_route=%2Fwp%2Fv2%2Fmedia&parent=8"}],"curies":[{"name":"wp","href":"https:\/\/api.w.org\/{rel}","templated":true}]}}